{"id":296,"date":"2020-09-25T17:50:19","date_gmt":"2020-09-25T15:50:19","guid":{"rendered":"https:\/\/ateni.se\/?page_id=296"},"modified":"2020-10-02T20:56:21","modified_gmt":"2020-10-02T18:56:21","slug":"vad-gor-maklaren","status":"publish","type":"page","link":"https:\/\/cetrel.se\/?page_id=296","title":{"rendered":"VAD G\u00d6R M\u00c4KLAREN ?"},"content":{"rendered":"\n<h5 class=\"has-text-color has-medium-font-size wp-block-heading\" style=\"color:#0000a3\">Spekulanter viktigast<\/h5>\n\n\n\n<p><\/p>\n\n\n\n<div class=\"wp-block-image is-style-default\"><figure class=\"alignleft size-full\"><img loading=\"lazy\" decoding=\"async\" width=\"2000\" height=\"1500\" src=\"https:\/\/cetrel.se\/public_html\/wp-content\/uploads\/2020\/09\/dreamstime_m_42684577.jpg\" alt=\"\" class=\"wp-image-326\" srcset=\"https:\/\/cetrel.se\/wp-content\/uploads\/2020\/09\/dreamstime_m_42684577.jpg 2000w, https:\/\/cetrel.se\/wp-content\/uploads\/2020\/09\/dreamstime_m_42684577-300x225.jpg 300w, https:\/\/cetrel.se\/wp-content\/uploads\/2020\/09\/dreamstime_m_42684577-1024x768.jpg 1024w, https:\/\/cetrel.se\/wp-content\/uploads\/2020\/09\/dreamstime_m_42684577-768x576.jpg 768w, https:\/\/cetrel.se\/wp-content\/uploads\/2020\/09\/dreamstime_m_42684577-1536x1152.jpg 1536w\" sizes=\"auto, (max-width: 706px) 89vw, (max-width: 767px) 82vw, 740px\" \/><\/figure><\/div>\n\n\n\n<p><\/p>\n\n\n\n<p>Det \u00e4r m\u00e4klarens absolut viktigaste uppgift att skapa m\u00e5nga intressenter och bland dem hitta, ta v\u00e4l hand om och kvalificera spekulanter, d.v.s., de seri\u00f6sa intressenter som har kapacitet att genomf\u00f6ra ett f\u00f6rv\u00e4rv. Detta \u00e4r m\u00e4klarens speciella kompetens. <\/p>\n\n\n\n<p>Den d\u00e4rn\u00e4st villigaste rollen f\u00f6r m\u00e4klaren \u00e4r att samordna informationsutbyte och aktiviteter i f\u00f6rs\u00e4ljningen av f\u00f6retaget. M\u00e5nga \u00e4r inblandade, och alla m\u00e5ste f\u00e5 sina intressen beaktade f\u00f6r att en \u00f6verl\u00e5telse ska bli av. Det \u00e4r bl.a. styrelsens ledam\u00f6ter, f\u00f6retagsledningen, revisor, ekonomiansvarig, personalen, leverant\u00f6rer, hyresv\u00e4rd, tillst\u00e5ndsmyndigheter, banker och andra finansi\u00e4rer samt spekulanterna med deras f\u00f6retr\u00e4dare f\u00f6r olika funktioner.  <\/p>\n\n\n\n<p>M\u00e4klarens arbetsuppgifter varierar sj\u00e4lvfallet efter \u00f6verl\u00e5telsernas komplexitet och vilka kompetenser som finns i f\u00f6retaget som ska \u00f6verl\u00e5tas respektive hos f\u00f6rv\u00e4rvaren. F\u00f6rutom de ovan n\u00e4mnda uppgifterna att generera intressenter, kvalificera spekulanter och samordna information och aktiviteter visar f\u00f6ljande lista exempel p\u00e5 uppgifter som m\u00e4klare brukar ansvara f\u00f6r, helt eller delvis:<\/p>\n\n\n\n<ul class=\"wp-block-list\" id=\"block-b8d0cb79-de91-42cf-9bc4-35f359886dbd\"><li>V\u00e4rdera objektet<\/li><li>Sammanst\u00e4lla information om objektet i ett f\u00f6retagsprospekt<\/li><li>Utforma annonser och annat s\u00e4ljmaterial<\/li><li>Genomf\u00f6ra marknadsf\u00f6ringsaktiviteter, mekaniska och personliga<\/li><li>Informera intressenter, medverka vid visningar och m\u00f6ten med s\u00e4ljaren<\/li><li>Ha f\u00f6rberedande kontakt med bank, revisor, hyresv\u00e4rd, tillst\u00e5ndsmyndighet, etc<\/li><li>Utforma f\u00f6rslag till avsiktsf\u00f6rklaring (&#8221;Letter of Intent&#8221;)<\/li><li>Medverka i f\u00f6rhandlingsm\u00f6ten med s\u00e4ljare och spekulanter<\/li><li>Utforma f\u00f6rslag till k\u00f6pekontrakt<\/li><li>Medverka i f\u00f6rberedelser och genomf\u00f6rande av F\u00f6rdjupad Granskning (&#8221;Due Diligence&#8221;)<\/li><li>Sammanst\u00e4lla relevant avtalsdokumentation<\/li><li>F\u00f6rbereda och eventuellt leda kontraktsskrivningsm\u00f6te<\/li><li>F\u00f6rbereda och leda tilltr\u00e4desm\u00f6te<\/li><li>Uppf\u00f6ljning<\/li><\/ul>\n\n\n\n<div class=\"wp-block-buttons is-layout-flex wp-block-buttons-is-layout-flex\">\n<div class=\"wp-block-button is-style-fill\"><a class=\"wp-block-button__link has-white-color has-vivid-cyan-blue-background-color has-text-color has-background no-border-radius\" href=\"https:\/\/cetrel.se\/?page_id=136\">Tillbaks<\/a><\/div>\n<\/div>\n\n\n\n<p><\/p>\n","protected":false},"excerpt":{"rendered":"<p>Spekulanter viktigast Det \u00e4r m\u00e4klarens absolut viktigaste uppgift att skapa m\u00e5nga intressenter och bland dem hitta, ta v\u00e4l hand om och kvalificera spekulanter, d.v.s., de seri\u00f6sa intressenter som har kapacitet att genomf\u00f6ra ett f\u00f6rv\u00e4rv. Detta \u00e4r m\u00e4klarens speciella kompetens. Den d\u00e4rn\u00e4st villigaste rollen f\u00f6r m\u00e4klaren \u00e4r att samordna informationsutbyte och aktiviteter i f\u00f6rs\u00e4ljningen av f\u00f6retaget. &hellip; <\/p>\n<p class=\"link-more\"><a href=\"https:\/\/cetrel.se\/?page_id=296\" class=\"more-link\">Forts\u00e4tt l\u00e4sa<span class=\"screen-reader-text\"> \u201dVAD G\u00d6R M\u00c4KLAREN ?\u201d<\/span><\/a><\/p>\n","protected":false},"author":1,"featured_media":0,"parent":0,"menu_order":0,"comment_status":"closed","ping_status":"closed","template":"","meta":{"footnotes":""},"class_list":["post-296","page","type-page","status-publish","hentry"],"_links":{"self":[{"href":"https:\/\/cetrel.se\/index.php?rest_route=\/wp\/v2\/pages\/296","targetHints":{"allow":["GET"]}}],"collection":[{"href":"https:\/\/cetrel.se\/index.php?rest_route=\/wp\/v2\/pages"}],"about":[{"href":"https:\/\/cetrel.se\/index.php?rest_route=\/wp\/v2\/types\/page"}],"author":[{"embeddable":true,"href":"https:\/\/cetrel.se\/index.php?rest_route=\/wp\/v2\/users\/1"}],"replies":[{"embeddable":true,"href":"https:\/\/cetrel.se\/index.php?rest_route=%2Fwp%2Fv2%2Fcomments&post=296"}],"version-history":[{"count":20,"href":"https:\/\/cetrel.se\/index.php?rest_route=\/wp\/v2\/pages\/296\/revisions"}],"predecessor-version":[{"id":573,"href":"https:\/\/cetrel.se\/index.php?rest_route=\/wp\/v2\/pages\/296\/revisions\/573"}],"wp:attachment":[{"href":"https:\/\/cetrel.se\/index.php?rest_route=%2Fwp%2Fv2%2Fmedia&parent=296"}],"curies":[{"name":"wp","href":"https:\/\/api.w.org\/{rel}","templated":true}]}}