{"id":450,"date":"2020-09-30T23:50:41","date_gmt":"2020-09-30T21:50:41","guid":{"rendered":"https:\/\/ateni.se\/?page_id=450"},"modified":"2020-10-08T16:06:26","modified_gmt":"2020-10-08T14:06:26","slug":"formedlat-och-klart","status":"publish","type":"page","link":"https:\/\/cetrel.se\/?page_id=450","title":{"rendered":"TIDIGARE S\u00c5LDA F\u00d6RETAG"},"content":{"rendered":"\n<hr class=\"wp-block-separator has-text-color has-background has-vivid-cyan-blue-background-color has-vivid-cyan-blue-color is-style-wide\"\/>\n\n\n\n<div class=\"wp-block-media-text alignwide has-media-on-the-right is-stacked-on-mobile is-vertically-aligned-center is-image-fill\" style=\"grid-template-columns:auto 33%\"><figure class=\"wp-block-media-text__media\" style=\"background-image:url(https:\/\/cetrel.se\/wp-content\/uploads\/2020\/09\/Annonsbild.jpg);background-position:50% 50%\"><img loading=\"lazy\" decoding=\"async\" width=\"819\" height=\"1024\" src=\"https:\/\/cetrel.se\/wp-content\/uploads\/2020\/09\/Annonsbild.jpg\" alt=\"\" class=\"wp-image-452\" srcset=\"https:\/\/cetrel.se\/wp-content\/uploads\/2020\/09\/Annonsbild.jpg 819w, https:\/\/cetrel.se\/wp-content\/uploads\/2020\/09\/Annonsbild-240x300.jpg 240w, https:\/\/cetrel.se\/wp-content\/uploads\/2020\/09\/Annonsbild-768x960.jpg 768w\" sizes=\"auto, (max-width: 706px) 89vw, (max-width: 767px) 82vw, 740px\" \/><\/figure><div class=\"wp-block-media-text__content\">\n<p class=\"has-medium-font-size\"><strong>Elinstallat\u00f6r<\/strong><\/p>\n\n\n\n<p>11 medarbetare<\/p>\n\n\n\n<p>Oms\u00e4ttning 12 mkr<\/p>\n\n\n\n<p>Resultat: vinst<\/p>\n<\/div><\/div>\n\n\n\n<hr class=\"wp-block-separator has-text-color has-background has-vivid-cyan-blue-background-color has-vivid-cyan-blue-color is-style-wide\"\/>\n\n\n\n<div class=\"wp-block-media-text alignwide has-media-on-the-right is-stacked-on-mobile is-vertically-aligned-center is-image-fill\" style=\"grid-template-columns:auto 33%\"><figure class=\"wp-block-media-text__media\" style=\"background-image:url(http:\/\/media1.ateni.se\/2020\/10\/smoothies-1646627_1280-1024x682.jpg);background-position:50% 50%\"><img loading=\"lazy\" decoding=\"async\" width=\"1024\" height=\"682\" src=\"http:\/\/media1.ateni.se\/2020\/10\/smoothies-1646627_1280-1024x682.jpg\" alt=\"\" class=\"wp-image-631\" srcset=\"https:\/\/cetrel.se\/wp-content\/uploads\/2020\/10\/smoothies-1646627_1280-1024x682.jpg 1024w, https:\/\/cetrel.se\/wp-content\/uploads\/2020\/10\/smoothies-1646627_1280-300x200.jpg 300w, https:\/\/cetrel.se\/wp-content\/uploads\/2020\/10\/smoothies-1646627_1280-768x512.jpg 768w, https:\/\/cetrel.se\/wp-content\/uploads\/2020\/10\/smoothies-1646627_1280.jpg 1280w\" sizes=\"auto, (max-width: 706px) 89vw, (max-width: 767px) 82vw, 740px\" \/><\/figure><div class=\"wp-block-media-text__content\">\n<p class=\"has-medium-font-size\"><strong>Leverant\u00f6r av snabbmat till upplevelseindustrin<\/strong><\/p>\n\n\n\n<p>9 medarbetare<\/p>\n\n\n\n<p>Oms\u00e4ttning 22 mkr<\/p>\n\n\n\n<p>Resultat: vinst<\/p>\n<\/div><\/div>\n\n\n\n<hr class=\"wp-block-separator has-text-color has-background has-vivid-cyan-blue-background-color has-vivid-cyan-blue-color is-style-wide\"\/>\n\n\n\n<div class=\"wp-block-media-text alignwide has-media-on-the-right is-stacked-on-mobile is-vertically-aligned-center is-image-fill\" style=\"grid-template-columns:auto 32%\"><figure class=\"wp-block-media-text__media\" style=\"background-image:url(https:\/\/cetrel.se\/wp-content\/uploads\/2020\/10\/annonsbild-1.jpg);background-position:50% 50%\"><img loading=\"lazy\" decoding=\"async\" width=\"400\" height=\"800\" src=\"https:\/\/cetrel.se\/wp-content\/uploads\/2020\/10\/annonsbild-1.jpg\" alt=\"\" class=\"wp-image-618\" srcset=\"https:\/\/cetrel.se\/wp-content\/uploads\/2020\/10\/annonsbild-1.jpg 400w, https:\/\/cetrel.se\/wp-content\/uploads\/2020\/10\/annonsbild-1-150x300.jpg 150w\" sizes=\"auto, (max-width: 400px) 100vw, 400px\" \/><\/figure><div class=\"wp-block-media-text__content\">\n<p class=\"has-medium-font-size\"><strong>Entreprenadbolag<\/strong><\/p>\n\n\n\n<p>30+ medarbetare<\/p>\n\n\n\n<p>Oms\u00e4ttning 40 mkr<\/p>\n\n\n\n<p>Resultat: vinst<\/p>\n<\/div><\/div>\n\n\n\n<hr class=\"wp-block-separator has-text-color has-background has-vivid-cyan-blue-background-color has-vivid-cyan-blue-color is-style-wide\"\/>\n\n\n\n<div class=\"wp-block-media-text alignwide has-media-on-the-right is-stacked-on-mobile is-image-fill\" style=\"grid-template-columns:auto 30%\"><figure class=\"wp-block-media-text__media\" style=\"background-image:url(https:\/\/cetrel.se\/wp-content\/uploads\/2020\/10\/audit-4190944_1920-1024x603.jpg);background-position:50% 50%\"><img loading=\"lazy\" decoding=\"async\" width=\"1024\" height=\"603\" src=\"https:\/\/cetrel.se\/wp-content\/uploads\/2020\/10\/audit-4190944_1920-1024x603.jpg\" alt=\"\" class=\"wp-image-671\" srcset=\"https:\/\/cetrel.se\/wp-content\/uploads\/2020\/10\/audit-4190944_1920-1024x603.jpg 1024w, https:\/\/cetrel.se\/wp-content\/uploads\/2020\/10\/audit-4190944_1920-300x177.jpg 300w, https:\/\/cetrel.se\/wp-content\/uploads\/2020\/10\/audit-4190944_1920-768x452.jpg 768w, https:\/\/cetrel.se\/wp-content\/uploads\/2020\/10\/audit-4190944_1920-1536x904.jpg 1536w, https:\/\/cetrel.se\/wp-content\/uploads\/2020\/10\/audit-4190944_1920.jpg 1920w\" sizes=\"auto, (max-width: 706px) 89vw, (max-width: 767px) 82vw, 740px\" \/><\/figure><div class=\"wp-block-media-text__content\">\n<p class=\"has-medium-font-size\"><strong>Redovisningsbyr\u00e5<\/strong><\/p>\n\n\n\n<p>1 medarbetare<\/p>\n\n\n\n<p>Oms\u00e4ttning 2 mkr<\/p>\n\n\n\n<p>Resultat: vinst<\/p>\n<\/div><\/div>\n\n\n\n<hr class=\"wp-block-separator has-text-color has-background has-vivid-cyan-blue-background-color has-vivid-cyan-blue-color is-style-wide\"\/>\n\n\n\n<div class=\"wp-block-media-text alignwide has-media-on-the-right is-stacked-on-mobile is-vertically-aligned-center is-image-fill\" style=\"grid-template-columns:auto 30%\"><figure class=\"wp-block-media-text__media\" style=\"background-image:url(https:\/\/cetrel.se\/wp-content\/uploads\/2020\/10\/lawn-care-643559_1920-1024x678.jpg);background-position:50% 50%\"><img loading=\"lazy\" decoding=\"async\" width=\"1024\" height=\"678\" src=\"https:\/\/cetrel.se\/wp-content\/uploads\/2020\/10\/lawn-care-643559_1920-1024x678.jpg\" alt=\"\" class=\"wp-image-673\" srcset=\"https:\/\/cetrel.se\/wp-content\/uploads\/2020\/10\/lawn-care-643559_1920-1024x678.jpg 1024w, https:\/\/cetrel.se\/wp-content\/uploads\/2020\/10\/lawn-care-643559_1920-300x199.jpg 300w, https:\/\/cetrel.se\/wp-content\/uploads\/2020\/10\/lawn-care-643559_1920-768x508.jpg 768w, https:\/\/cetrel.se\/wp-content\/uploads\/2020\/10\/lawn-care-643559_1920-1536x1017.jpg 1536w, https:\/\/cetrel.se\/wp-content\/uploads\/2020\/10\/lawn-care-643559_1920.jpg 1920w\" sizes=\"auto, (max-width: 706px) 89vw, (max-width: 767px) 82vw, 740px\" \/><\/figure><div class=\"wp-block-media-text__content\">\n<p class=\"has-medium-font-size\"><strong>Tr\u00e4dg\u00e5rdsbutik med allt f\u00f6r anl\u00e4ggning, skog och sk\u00f6tsel av gr\u00f6nytor<\/strong><\/p>\n\n\n\n<p>6 medarbetare<\/p>\n\n\n\n<p>Oms\u00e4ttning 17 mkr<\/p>\n\n\n\n<p>Resultat: vinst<\/p>\n<\/div><\/div>\n\n\n\n<hr class=\"wp-block-separator has-text-color has-background has-vivid-cyan-blue-background-color has-vivid-cyan-blue-color is-style-wide\"\/>\n\n\n\n<div class=\"wp-block-media-text alignwide has-media-on-the-right is-stacked-on-mobile is-vertically-aligned-center\" style=\"grid-template-columns:auto 31%\"><figure class=\"wp-block-media-text__media\"><img loading=\"lazy\" decoding=\"async\" width=\"1024\" height=\"594\" src=\"https:\/\/cetrel.se\/wp-content\/uploads\/2020\/10\/printer-3956972_1920-1024x594.jpg\" alt=\"\" class=\"wp-image-674\" srcset=\"https:\/\/cetrel.se\/wp-content\/uploads\/2020\/10\/printer-3956972_1920-1024x594.jpg 1024w, https:\/\/cetrel.se\/wp-content\/uploads\/2020\/10\/printer-3956972_1920-300x174.jpg 300w, https:\/\/cetrel.se\/wp-content\/uploads\/2020\/10\/printer-3956972_1920-768x446.jpg 768w, https:\/\/cetrel.se\/wp-content\/uploads\/2020\/10\/printer-3956972_1920-1536x891.jpg 1536w, https:\/\/cetrel.se\/wp-content\/uploads\/2020\/10\/printer-3956972_1920.jpg 1920w\" sizes=\"auto, (max-width: 706px) 89vw, (max-width: 767px) 82vw, 740px\" \/><\/figure><div class=\"wp-block-media-text__content\">\n<p class=\"has-medium-font-size\"><strong>Servicebyr\u00e5 3D Print &amp; Scanning<\/strong><\/p>\n\n\n\n<p>2 medarbetare<\/p>\n\n\n\n<p>Oms\u00e4ttning 0,5 mkr<\/p>\n\n\n\n<p>Resultat: f\u00f6rlust<\/p>\n<\/div><\/div>\n\n\n\n<hr class=\"wp-block-separator has-text-color has-background has-vivid-cyan-blue-background-color has-vivid-cyan-blue-color is-style-wide\"\/>\n\n\n\n<div class=\"wp-block-media-text alignwide has-media-on-the-right is-stacked-on-mobile is-vertically-aligned-center\" style=\"grid-template-columns:auto 31%\"><figure class=\"wp-block-media-text__media\"><img loading=\"lazy\" decoding=\"async\" width=\"736\" height=\"340\" src=\"https:\/\/cetrel.se\/wp-content\/uploads\/2020\/10\/belysning.jpg\" alt=\"\" class=\"wp-image-627\" srcset=\"https:\/\/cetrel.se\/wp-content\/uploads\/2020\/10\/belysning.jpg 736w, https:\/\/cetrel.se\/wp-content\/uploads\/2020\/10\/belysning-300x139.jpg 300w\" sizes=\"auto, (max-width: 736px) 100vw, 736px\" \/><\/figure><div class=\"wp-block-media-text__content\">\n<p class=\"has-medium-font-size\"><strong>Ergonomisk kontorsinredning<\/strong><\/p>\n\n\n\n<p>2 medarbetare<\/p>\n\n\n\n<p>Oms\u00e4ttning 4 mkr<\/p>\n\n\n\n<p>Resultat: vinst<\/p>\n<\/div><\/div>\n\n\n\n<hr class=\"wp-block-separator has-text-color has-background has-vivid-cyan-blue-background-color has-vivid-cyan-blue-color is-style-wide\"\/>\n\n\n\n<div class=\"wp-block-media-text alignwide has-media-on-the-right is-stacked-on-mobile is-vertically-aligned-center is-image-fill\" style=\"grid-template-columns:auto 32%\"><figure class=\"wp-block-media-text__media\" style=\"background-image:url(https:\/\/cetrel.se\/wp-content\/uploads\/2020\/10\/20080306156-1024x768.jpg);background-position:50% 50%\"><img loading=\"lazy\" decoding=\"async\" width=\"1024\" height=\"768\" src=\"https:\/\/cetrel.se\/wp-content\/uploads\/2020\/10\/20080306156-1024x768.jpg\" alt=\"\" class=\"wp-image-628\" srcset=\"https:\/\/cetrel.se\/wp-content\/uploads\/2020\/10\/20080306156-1024x768.jpg 1024w, https:\/\/cetrel.se\/wp-content\/uploads\/2020\/10\/20080306156-300x225.jpg 300w, https:\/\/cetrel.se\/wp-content\/uploads\/2020\/10\/20080306156-768x576.jpg 768w, https:\/\/cetrel.se\/wp-content\/uploads\/2020\/10\/20080306156-1536x1152.jpg 1536w, https:\/\/cetrel.se\/wp-content\/uploads\/2020\/10\/20080306156-2048x1536.jpg 2048w\" sizes=\"auto, (max-width: 706px) 89vw, (max-width: 767px) 82vw, 740px\" \/><\/figure><div class=\"wp-block-media-text__content\">\n<p class=\"has-medium-font-size\"><strong>Butiksf\u00f6rs\u00e4ljning av ridsportsartiklar<\/strong><\/p>\n\n\n\n<p>3 medarbetare<\/p>\n\n\n\n<p>Oms\u00e4ttning 3 mkr<\/p>\n\n\n\n<p>Resultat: vinst<\/p>\n<\/div><\/div>\n\n\n\n<hr class=\"wp-block-separator has-text-color has-background has-vivid-cyan-blue-background-color has-vivid-cyan-blue-color is-style-wide\"\/>\n\n\n\n<div class=\"wp-block-media-text alignwide has-media-on-the-right is-stacked-on-mobile is-vertically-aligned-center is-image-fill\" style=\"grid-template-columns:auto 32%\"><figure class=\"wp-block-media-text__media\" style=\"background-image:url(https:\/\/cetrel.se\/wp-content\/uploads\/2020\/10\/Stor_maskinkapacitet.jpg);background-position:50% 50%\"><img loading=\"lazy\" decoding=\"async\" width=\"660\" height=\"443\" src=\"https:\/\/cetrel.se\/wp-content\/uploads\/2020\/10\/Stor_maskinkapacitet.jpg\" alt=\"\" class=\"wp-image-632\" srcset=\"https:\/\/cetrel.se\/wp-content\/uploads\/2020\/10\/Stor_maskinkapacitet.jpg 660w, https:\/\/cetrel.se\/wp-content\/uploads\/2020\/10\/Stor_maskinkapacitet-300x201.jpg 300w\" sizes=\"auto, (max-width: 660px) 100vw, 660px\" \/><\/figure><div class=\"wp-block-media-text__content\">\n<p class=\"has-medium-font-size\"><strong>Brodyrf\u00f6retag<\/strong><\/p>\n\n\n\n<p>3 medarbetare<\/p>\n\n\n\n<p>Oms\u00e4ttning 1 mkr<\/p>\n\n\n\n<p>Resultat: noll<\/p>\n<\/div><\/div>\n\n\n\n<hr class=\"wp-block-separator has-text-color has-background has-vivid-cyan-blue-background-color has-vivid-cyan-blue-color is-style-wide\"\/>\n\n\n\n<div class=\"wp-block-buttons is-layout-flex wp-block-buttons-is-layout-flex\">\n<div class=\"wp-block-button\"><a class=\"wp-block-button__link has-white-color has-vivid-cyan-blue-background-color has-text-color has-background no-border-radius\" href=\"https:\/\/cetrel.se\/?page_id=184\"><strong>Tillbaks<\/strong><\/a><\/div>\n<\/div>\n\n\n\n<p><\/p>\n","protected":false},"excerpt":{"rendered":"<p>Elinstallat\u00f6r 11 medarbetare Oms\u00e4ttning 12 mkr Resultat: vinst Leverant\u00f6r av snabbmat till upplevelseindustrin 9 medarbetare Oms\u00e4ttning 22 mkr Resultat: vinst Entreprenadbolag 30+ medarbetare Oms\u00e4ttning 40 mkr Resultat: vinst Redovisningsbyr\u00e5 1 medarbetare Oms\u00e4ttning 2 mkr Resultat: vinst Tr\u00e4dg\u00e5rdsbutik med allt f\u00f6r anl\u00e4ggning, skog och sk\u00f6tsel av gr\u00f6nytor 6 medarbetare Oms\u00e4ttning 17 mkr Resultat: vinst Servicebyr\u00e5 3D &hellip; <\/p>\n<p class=\"link-more\"><a href=\"https:\/\/cetrel.se\/?page_id=450\" class=\"more-link\">Forts\u00e4tt l\u00e4sa<span class=\"screen-reader-text\"> \u201dTIDIGARE S\u00c5LDA F\u00d6RETAG\u201d<\/span><\/a><\/p>\n","protected":false},"author":1,"featured_media":668,"parent":0,"menu_order":0,"comment_status":"closed","ping_status":"closed","template":"","meta":{"footnotes":""},"class_list":["post-450","page","type-page","status-publish","has-post-thumbnail","hentry"],"_links":{"self":[{"href":"https:\/\/cetrel.se\/index.php?rest_route=\/wp\/v2\/pages\/450","targetHints":{"allow":["GET"]}}],"collection":[{"href":"https:\/\/cetrel.se\/index.php?rest_route=\/wp\/v2\/pages"}],"about":[{"href":"https:\/\/cetrel.se\/index.php?rest_route=\/wp\/v2\/types\/page"}],"author":[{"embeddable":true,"href":"https:\/\/cetrel.se\/index.php?rest_route=\/wp\/v2\/users\/1"}],"replies":[{"embeddable":true,"href":"https:\/\/cetrel.se\/index.php?rest_route=%2Fwp%2Fv2%2Fcomments&post=450"}],"version-history":[{"count":22,"href":"https:\/\/cetrel.se\/index.php?rest_route=\/wp\/v2\/pages\/450\/revisions"}],"predecessor-version":[{"id":722,"href":"https:\/\/cetrel.se\/index.php?rest_route=\/wp\/v2\/pages\/450\/revisions\/722"}],"wp:featuredmedia":[{"embeddable":true,"href":"https:\/\/cetrel.se\/index.php?rest_route=\/wp\/v2\/media\/668"}],"wp:attachment":[{"href":"https:\/\/cetrel.se\/index.php?rest_route=%2Fwp%2Fv2%2Fmedia&parent=450"}],"curies":[{"name":"wp","href":"https:\/\/api.w.org\/{rel}","templated":true}]}}