{"id":505,"date":"2020-10-02T10:48:32","date_gmt":"2020-10-02T08:48:32","guid":{"rendered":"https:\/\/ateni.se\/?page_id=505"},"modified":"2020-10-08T23:42:19","modified_gmt":"2020-10-08T21:42:19","slug":"arbetssatt","status":"publish","type":"page","link":"https:\/\/cetrel.se\/?page_id=505","title":{"rendered":"ARBETSS\u00c4TT"},"content":{"rendered":"\n<h2 class=\"has-black-color has-text-color wp-block-heading\" id=\"arbetss\u00e4tt\">Bygger broar<\/h2>\n\n\n\n<p>M\u00e4klarens uppdrag liknar brobyggarens. F\u00f6r att det alls ska bli en f\u00f6retagsaff\u00e4r m\u00e5ste en s\u00e4ljare hitta en k\u00f6pare, eller en k\u00f6pare hitta n\u00e5gon som vill s\u00e4lja. Jag \u00e4gnar d\u00e4rf\u00f6r all tid i b\u00f6rjan av ett f\u00f6rmedlingsuppdrag till insatser som hittar k\u00f6pare \u00e5t s\u00e4ljaren eller s\u00e4ljare \u00e5t k\u00f6paren. Det \u00e4r f\u00f6rmedlarens absolut viktigaste uppgift att f\u00e5 dessa brohuvuden etablerade.<\/p>\n\n\n\n<p>N\u00e4r seri\u00f6sa samtal v\u00e4l \u00e4r ig\u00e5ng mellan parterna \u00f6verg\u00e5r jag till att st\u00f6tta precisionen i brobyggandet. M\u00e5let \u00e4r ju att de bygger s\u00e5 att de m\u00f6ts n\u00e5gonstans i form av ett underskrivet k\u00f6pekontrakt. Jag st\u00f6ttar med en tydligt dokumenterad f\u00f6rhandlingsordning och jag agerar f\u00f6r att kontraktsvillkoren ska bli helt\u00e4ckande, tydliga och baserade p\u00e5 av parterna kontrollerad och godk\u00e4nd information.  <\/p>\n\n\n\n<p>M\u00e5lfokus och precision \u00e4r allts\u00e5 mitt s\u00e4tt att st\u00f6tta brobyggandet \u00f6ver floden av starka k\u00e4nslor som finns vid \u00f6verl\u00e5telser av \u00e4garledda f\u00f6retag.  Enkelt uttryckt: &#8211; s\u00e4ljaren s\u00e4tter h\u00f6gre v\u00e4rde p\u00e5 sitt livsverk \u00e4n vad k\u00f6paren tycker det \u00e4r v\u00e4rt f\u00f6r honom. Historia st\u00e4lls mot framtid. <\/p>\n\n\n\n<p>M\u00e5lfokus, precision, objektivitet och god ordning hj\u00e4lper parterna till en \u00f6verenskommelse.  H\u00e4r \u00e4r n\u00e5gra exempel p\u00e5 hur det kan g\u00e5 till.<\/p>\n\n\n\n<figure class=\"wp-block-image size-large\"><img loading=\"lazy\" decoding=\"async\" width=\"1024\" height=\"516\" src=\"https:\/\/cetrel.se\/wp-content\/uploads\/2020\/09\/document-428335_1280-1024x516.jpg\" alt=\"\" class=\"wp-image-375\" srcset=\"https:\/\/cetrel.se\/wp-content\/uploads\/2020\/09\/document-428335_1280-1024x516.jpg 1024w, https:\/\/cetrel.se\/wp-content\/uploads\/2020\/09\/document-428335_1280-300x151.jpg 300w, https:\/\/cetrel.se\/wp-content\/uploads\/2020\/09\/document-428335_1280-768x387.jpg 768w, https:\/\/cetrel.se\/wp-content\/uploads\/2020\/09\/document-428335_1280.jpg 1232w\" sizes=\"auto, (max-width: 706px) 89vw, (max-width: 767px) 82vw, 740px\" \/><\/figure>\n\n\n\n<h2 class=\"has-black-color has-text-color wp-block-heading\">Skriftligt uppdragsavtal<\/h2>\n\n\n\n<p>H\u00e4r anges bl.a. arvode, provision och provisionsgrunder, avtalstid, aff\u00e4rsuppl\u00e4gg, de huvudsakliga arbetsuppgifterna och vilka som \u00e4r parternas ansvariga kontaktpersoner.<\/p>\n\n\n\n<h2 class=\"has-black-color has-text-color wp-block-heading\">Godk\u00e4nd skriftlig projektplan<\/h2>\n\n\n\n<p>Ett projektdokument i tv\u00e5 delar. Den ena delen beskriver f\u00f6retaget som ska s\u00e4ljas (&#8221;objektet&#8221;). H\u00e4r samlas all information och data som sen f\u00e5r anv\u00e4ndas till ett f\u00f6retagsprospekt och i marknadsf\u00f6ringen av objektet. <\/p>\n\n\n\n<p>Den andra delen beskriver bl.a. strategin f\u00f6r marknadsf\u00f6ringen, f\u00f6rv\u00e4ntad k\u00f6peskilling, tilltr\u00e4desdag och andra f\u00f6r uppdragsgivaren kritiska villkor. Dessutom \u00f6nskad sekretess i kontakter med intressenter\/spekulanter samt n\u00e4r och hur kontakt ska tas med bank, hyresv\u00e4rd, personal\/fack, stora kunder, viktiga leverant\u00f6rer, etc. <\/p>\n\n\n\n<p>Projektdokumentet i sin helhet godk\u00e4nns skriftligen av uppdragsgivaren och sen kan marknadsf\u00f6ringen av objektet s\u00e4tta ig\u00e5ng. <\/p>\n\n\n\n<h2 class=\"has-black-color has-text-color wp-block-heading\">Initierar, samordnar<\/h2>\n\n\n\n<p>\u200bM\u00e5nga fr\u00e5gor ska behandlas, ofta under tidspress. Det \u00e4r bransch-, produkt-, licens-, milj\u00f6- och tillst\u00e5ndsfr\u00e5gor, avtalsjuridik, skatterregler, bankregler, arbetsr\u00e4tt, ekonomisk analys, sekretessfr\u00e5gor och bolagsr\u00e4tt. Mina uppdragsgivare kommenterar ibland att de faktiskt m\u00e5ste veta och ta reda p\u00e5 mer om sitt f\u00f6retag f\u00f6r att s\u00e4lja det \u00e4n f\u00f6r att driva det. \u200b<\/p>\n\n\n\n<p>Jag initierar och samordnar dessa aktiviteter. Det \u00e4r uppdragsgivaren som med interna resurser eller anlitad expertis svarar f\u00f6r att de blir utf\u00f6rda. Har uppdragsgivaren inte tillg\u00e5ng till relevant kompetens f\u00f6r att hantera en fr\u00e5ga brukar jag bitr\u00e4da med r\u00e5d, eller ordna fram en specialist fr\u00e5n mitt n\u00e4tverk. I h\u00e4ndelse av att jag sj\u00e4lv har kompetens att hantera fr\u00e5gan kan jag utf\u00f6ra aktuellt \u00e4rende. S\u00e5dant arbete debiteras separat, ut\u00f6ver i uppdragsavtalet \u00f6verenskommen ers\u00e4ttning.<\/p>\n\n\n\n<h2 class=\"has-black-color has-text-color wp-block-heading\">Allt klart vid tilltr\u00e4det<\/h2>\n\n\n\n<p>Mina ledstj\u00e4rnor n\u00e4r jag projekterar en \u00f6verl\u00e5telse \u00e4r att:<\/p>\n\n\n\n<ul class=\"wp-block-list\"><li>Parterna ska bli \u00f6verens om att de g\u00f6r en bra aff\u00e4r.<\/li><li>Aff\u00e4ren \u00e4r tydligt och fullst\u00e4ndigt beskriven i kontraktet.<\/li><li>Allt blir klart vid tilltr\u00e4det.<\/li><\/ul>\n\n\n\n<p>Det \u00e4r inte alltid m\u00f6jligt att f\u00e5 alla moment i en f\u00f6retags\u00f6verl\u00e5telse avklarade i och med tilltr\u00e4det. Det \u00e4r d\u00e5 parterna kommer att uppskatta v\u00e4rdet av att aff\u00e4ren \u00e4r tydligt och fullst\u00e4ndigt beskriven i kontraktet.<\/p>\n\n\n\n<div class=\"wp-block-buttons is-layout-flex wp-block-buttons-is-layout-flex\">\n<div class=\"wp-block-button is-style-fill\"><a class=\"wp-block-button__link has-white-color has-vivid-cyan-blue-background-color has-text-color has-background no-border-radius\" href=\"http:\/\/cetrel.se\/#intresse\"><strong>Intresseanm\u00e4lan<\/strong><\/a><\/div>\n\n\n\n<div class=\"wp-block-button\"><a class=\"wp-block-button__link has-white-color has-vivid-cyan-blue-background-color has-text-color has-background no-border-radius\" href=\"https:\/\/cetrel.se\/?page_id=505\"><strong>Tillbaks<\/strong><\/a><\/div>\n\n\n\n<div class=\"wp-block-button is-style-fill\"><a class=\"wp-block-button__link has-white-color has-vivid-green-cyan-background-color has-text-color has-background no-border-radius\" href=\"https:\/\/cetrel.se\/?page_id=543\"><strong>CV Lars Lundin<\/strong><\/a><\/div>\n<\/div>\n\n\n\n<div class=\"wp-block-image is-style-default\"><figure class=\"aligncenter size-large\"><img loading=\"lazy\" decoding=\"async\" width=\"1024\" height=\"192\" src=\"http:\/\/media1.ateni.se\/2020\/09\/Cetrel-1024x192.png\" alt=\"\" class=\"wp-image-58\"\/><\/figure><\/div>\n\n\n\n<p><\/p>\n","protected":false},"excerpt":{"rendered":"<p>Bygger broar M\u00e4klarens uppdrag liknar brobyggarens. F\u00f6r att det alls ska bli en f\u00f6retagsaff\u00e4r m\u00e5ste en s\u00e4ljare hitta en k\u00f6pare, eller en k\u00f6pare hitta n\u00e5gon som vill s\u00e4lja. Jag \u00e4gnar d\u00e4rf\u00f6r all tid i b\u00f6rjan av ett f\u00f6rmedlingsuppdrag till insatser som hittar k\u00f6pare \u00e5t s\u00e4ljaren eller s\u00e4ljare \u00e5t k\u00f6paren. Det \u00e4r f\u00f6rmedlarens absolut viktigaste uppgift &hellip; <\/p>\n<p class=\"link-more\"><a href=\"https:\/\/cetrel.se\/?page_id=505\" class=\"more-link\">Forts\u00e4tt l\u00e4sa<span class=\"screen-reader-text\"> \u201dARBETSS\u00c4TT\u201d<\/span><\/a><\/p>\n","protected":false},"author":1,"featured_media":489,"parent":0,"menu_order":0,"comment_status":"closed","ping_status":"closed","template":"","meta":{"footnotes":""},"class_list":["post-505","page","type-page","status-publish","has-post-thumbnail","hentry"],"_links":{"self":[{"href":"https:\/\/cetrel.se\/index.php?rest_route=\/wp\/v2\/pages\/505","targetHints":{"allow":["GET"]}}],"collection":[{"href":"https:\/\/cetrel.se\/index.php?rest_route=\/wp\/v2\/pages"}],"about":[{"href":"https:\/\/cetrel.se\/index.php?rest_route=\/wp\/v2\/types\/page"}],"author":[{"embeddable":true,"href":"https:\/\/cetrel.se\/index.php?rest_route=\/wp\/v2\/users\/1"}],"replies":[{"embeddable":true,"href":"https:\/\/cetrel.se\/index.php?rest_route=%2Fwp%2Fv2%2Fcomments&post=505"}],"version-history":[{"count":14,"href":"https:\/\/cetrel.se\/index.php?rest_route=\/wp\/v2\/pages\/505\/revisions"}],"predecessor-version":[{"id":767,"href":"https:\/\/cetrel.se\/index.php?rest_route=\/wp\/v2\/pages\/505\/revisions\/767"}],"wp:featuredmedia":[{"embeddable":true,"href":"https:\/\/cetrel.se\/index.php?rest_route=\/wp\/v2\/media\/489"}],"wp:attachment":[{"href":"https:\/\/cetrel.se\/index.php?rest_route=%2Fwp%2Fv2%2Fmedia&parent=505"}],"curies":[{"name":"wp","href":"https:\/\/api.w.org\/{rel}","templated":true}]}}