{"id":741,"date":"2020-10-08T20:59:54","date_gmt":"2020-10-08T18:59:54","guid":{"rendered":"https:\/\/cetrel.se\/?page_id=741"},"modified":"2020-10-08T21:08:52","modified_gmt":"2020-10-08T19:08:52","slug":"integritetspolicy","status":"publish","type":"page","link":"https:\/\/cetrel.se\/?page_id=741","title":{"rendered":"INTEGRITETSPOLICY"},"content":{"rendered":"\n<p><strong>Bakgrund<\/strong><br>Denna integritetspolicy beskriver hur CETR\u00c9L F\u00f6retagsf\u00f6rmedling (&#8221;CETR\u00c9L&#8221;) hanterar personuppgifter i enlighet med The General Data Protection Regulation (&#8221;GDPR&#8221;), som \u00e4r EU:s dataskyddsf\u00f6rordning av den 25 maj 2018 och giltig i alla unionens l\u00e4nder.<\/p>\n\n\n\n<p><strong>Definitioner<\/strong><br><em>Personuppgift<\/em> \u00e4r all slags information som direkt eller indirekt kan h\u00e4nf\u00f6ras till en fysisk person som \u00e4r i livet.  I v\u00e5r verksamhet r\u00f6r det sig till exempel om f\u00f6r- och efternamn, personnummer, telefonnummer, adresser, postnummer, e-postadresser, arbetsgivare och andelsinnehav. <\/p>\n\n\n\n<p><em>Behandling<\/em> \u00e4r varje \u00e5tg\u00e4rd som vidtas med personuppgifter, automatiserad eller ej. I v\u00e5r verksamhet r\u00f6r det sig till exempel om insamling, registrering, organisering, strukturering, lagring, bearbetning, \u00f6verf\u00f6ring och radering.<\/p>\n\n\n\n<p><strong>V\u00e5r webbplatsadress<\/strong><br>https:\/\/cetrel,se<\/p>\n\n\n\n<p><strong>Ansvarig f\u00f6r webbplatsen<\/strong><br>CETR\u00c9L F\u00f6retagsf\u00f6rmedling<br>Stenh\u00f6gsv\u00e4gen 6, 231 93 Trelleborg<br>Kontaktperson \u00e4r Lars Lundin<\/p>\n\n\n\n<p><strong>V\u00e5rt ansvar<\/strong><br>CETR\u00c9L ansvarar f\u00f6r att se till att personuppgifter behandlas p\u00e5 ett korrekt s\u00e4tt och enligt till\u00e4mplig skyddslagstiftning n\u00e4r vi informerar om, marknadsf\u00f6r och utf\u00f6r v\u00e5ra tj\u00e4nster.<\/p>\n\n\n\n<p><strong>V\u00e5r behandling av personuppgifter<\/strong><br>Vi anv\u00e4nder personuppgifter f\u00f6r att skapa och skicka ut nyhetsbrev, objektinformation och annan marknadsf\u00f6ring av v\u00e5r verksamhet. Personuppgifterna f\u00e5r vi antingen direkt fr\u00e5n personer som uppgifterna \u00e4r att h\u00e4nf\u00f6ra till, eller indirekt via intresseanm\u00e4lningar till objekt vi marknadsf\u00f6r, eller anm\u00e4lningar till v\u00e5ra evenemang och nyhetsbrev. <\/p>\n\n\n\n<p>Information om objekt l\u00e4mnas till oss  under s\u00e4rskilt sekretessavtal med uppgiftsl\u00e4mnaren. D\u00e4r stadgas bl.a. att objektinformationen vi skapar ska godk\u00e4nnas av uppgiftsl\u00e4mnaren innan vi f\u00e5r skicka ut den. <\/p>\n\n\n\n<p><strong>Laglig grund<\/strong><br>Den lagliga grunden f\u00f6r v\u00e5r behandling av personuppgifter \u00e4r att kunna marknadsf\u00f6ra v\u00e5ra objekt och tj\u00e4nster till personer som visat ett aktivt intresse f\u00f6r dem. Upph\u00f6r intresset f\u00f6r s\u00e5dan information fr\u00e5n oss kan avregistrering ske med omedelbar verkan. <\/p>\n\n\n\n<p><strong>Underleverant\u00f6rer<\/strong><br>N\u00e4r vi uppdrar \u00e5t en leverant\u00f6r att behandla personuppgifter vi ansvarar f\u00f6r, till exempel en IT-leverant\u00f6r, \u00e4r \u00e4ndam\u00e5let det ovan angivna. Har leverant\u00f6ren en del av sin verksamhet i l\u00e4nder utanf\u00f6r EU\/EES f\u00e5r \u00f6verf\u00f6ring endast ske till l\u00e4nder som enligt EU-kommissionen har en adekvat skyddsniv\u00e5 eller att leverant\u00f6ren har ett r\u00e4ttsligt bindande och verkst\u00e4llbart instrument som garanterar uppgifternas s\u00e4kerhet. <\/p>\n\n\n\n<p><strong>Analys<\/strong><br>Webbplatsen samlar inte in n\u00e5gon information f\u00f6r trafikanalys ut\u00f6ver den som v\u00e5r webbleverant\u00f6r Loopia AB samlar in som anonym analysinformation p\u00e5 sina webbservrar. Loopias GDPR-policy finns p\u00e5: https:\/\/www.loopia.se\/omloopia\/dataskydd\/.<\/p>\n\n\n\n<p>Webbplatsen samlar personuppgifter om bes\u00f6kare endast i s\u00e4rskilda kontaktformul\u00e4r. D\u00e4r samlar vi in de uppgifter som visas i formul\u00e4ret samt tempor\u00e4rt bes\u00f6karens ip-adress och User Agent-str\u00e4ng som hj\u00e4lp f\u00f6r detektering av skr\u00e4pmeddelanden.<\/p>\n\n\n\n<p><strong>Delning av data<\/strong><br>Ut\u00f6ver vad ovan s\u00e4gs delar vi inte data fr\u00e5n webbplatsen med annan part.<\/p>\n\n\n\n<p><strong>Registrerads r\u00e4ttigheter<\/strong><br>Den registrerade har r\u00e4tt att f\u00f6r personuppgifter om denne<\/p>\n\n\n\n<ul class=\"wp-block-list\"><li>beg\u00e4ra registerutdrag om vilka uppgifter vi behandlar;<\/li><li>f\u00e5 felaktiga uppgifter korrigerade och\/eller raderade;<\/li><li>inv\u00e4nda mot att vissa uppgifter behandlas och att behandlingen begr\u00e4nsas;<\/li><li>f\u00e5 uppgifterna som l\u00e4mnats till oss \u00f6verf\u00f6rda till annan personuppgiftsansvarig;<\/li><li>n\u00e4r som helst \u00e5terkalla samtycke som v\u00e5r behandling grundar sig p\u00e5;<\/li><li>anm\u00e4la missn\u00f6je med v\u00e5r behandling till tillsynsmyndigheten Datainspektionen.<\/li><\/ul>\n\n\n\n<p>F\u00f6r att f\u00e5 ut, radera eller begr\u00e4nsa behandlingen av uppgifter ska v\u00e5r ansvarige f\u00f6r webbplatsen kontaktas. <\/p>\n\n\n\n<p><strong>Revisionsdatum<\/strong><br>Denna policy reviderades senast 2020-10-01.<\/p>\n\n\n\n<div class=\"wp-block-buttons is-layout-flex wp-block-buttons-is-layout-flex\">\n<div class=\"wp-block-button\"><a class=\"wp-block-button__link has-white-color has-cyan-bluish-gray-background-color has-text-color has-background no-border-radius\" href=\"https:\/\/cetrel.se\/wp-content\/uploads\/2020\/10\/201001-Cetrel_Integritetspolicy.pdf\" target=\"_blank\" rel=\"noreferrer noopener\"><strong>Ladda ner denna policy (PDF<\/strong>)<\/a><\/div>\n\n\n\n<div class=\"wp-block-button is-style-fill\"><a class=\"wp-block-button__link has-white-color has-vivid-cyan-blue-background-color has-text-color has-background no-border-radius\" href=\"https:\/\/cetrel.se\/\"><strong>Hem<\/strong><\/a><\/div>\n<\/div>\n\n\n\n<figure class=\"wp-block-image size-large is-style-default\"><img loading=\"lazy\" decoding=\"async\" width=\"1024\" height=\"192\" src=\"https:\/\/cetrel.se\/wp-content\/uploads\/2020\/09\/Cetrel-1024x192.png\" alt=\"\" class=\"wp-image-58\"\/><\/figure>\n","protected":false},"excerpt":{"rendered":"<p>BakgrundDenna integritetspolicy beskriver hur CETR\u00c9L F\u00f6retagsf\u00f6rmedling (&#8221;CETR\u00c9L&#8221;) hanterar personuppgifter i enlighet med The General Data Protection Regulation (&#8221;GDPR&#8221;), som \u00e4r EU:s dataskyddsf\u00f6rordning av den 25 maj 2018 och giltig i alla unionens l\u00e4nder. DefinitionerPersonuppgift \u00e4r all slags information som direkt eller indirekt kan h\u00e4nf\u00f6ras till en fysisk person som \u00e4r i livet. I v\u00e5r verksamhet &hellip; <\/p>\n<p class=\"link-more\"><a href=\"https:\/\/cetrel.se\/?page_id=741\" class=\"more-link\">Forts\u00e4tt l\u00e4sa<span class=\"screen-reader-text\"> \u201dINTEGRITETSPOLICY\u201d<\/span><\/a><\/p>\n","protected":false},"author":1,"featured_media":0,"parent":0,"menu_order":0,"comment_status":"closed","ping_status":"closed","template":"","meta":{"footnotes":""},"class_list":["post-741","page","type-page","status-publish","hentry"],"_links":{"self":[{"href":"https:\/\/cetrel.se\/index.php?rest_route=\/wp\/v2\/pages\/741","targetHints":{"allow":["GET"]}}],"collection":[{"href":"https:\/\/cetrel.se\/index.php?rest_route=\/wp\/v2\/pages"}],"about":[{"href":"https:\/\/cetrel.se\/index.php?rest_route=\/wp\/v2\/types\/page"}],"author":[{"embeddable":true,"href":"https:\/\/cetrel.se\/index.php?rest_route=\/wp\/v2\/users\/1"}],"replies":[{"embeddable":true,"href":"https:\/\/cetrel.se\/index.php?rest_route=%2Fwp%2Fv2%2Fcomments&post=741"}],"version-history":[{"count":3,"href":"https:\/\/cetrel.se\/index.php?rest_route=\/wp\/v2\/pages\/741\/revisions"}],"predecessor-version":[{"id":751,"href":"https:\/\/cetrel.se\/index.php?rest_route=\/wp\/v2\/pages\/741\/revisions\/751"}],"wp:attachment":[{"href":"https:\/\/cetrel.se\/index.php?rest_route=%2Fwp%2Fv2%2Fmedia&parent=741"}],"curies":[{"name":"wp","href":"https:\/\/api.w.org\/{rel}","templated":true}]}}